{"id":16,"date":"2025-07-11T07:12:06","date_gmt":"2025-07-11T07:12:06","guid":{"rendered":"https:\/\/taniaespaideperruqueria.com\/?page_id=16"},"modified":"2025-07-13T15:36:19","modified_gmt":"2025-07-13T15:36:19","slug":"qui-som","status":"publish","type":"page","link":"https:\/\/taniaespaideperruqueria.com\/es\/qui-som\/","title":{"rendered":"Qui som"},"content":{"rendered":"<div data-elementor-type=\"wp-page\" data-elementor-id=\"16\" class=\"elementor elementor-16\" data-elementor-post-type=\"page\">\n\t\t\t\t<div class=\"elementor-element elementor-element-a3b9d4b e-flex e-con-boxed e-con e-parent\" data-id=\"a3b9d4b\" data-element_type=\"container\" data-e-type=\"container\">\n\t\t\t\t\t<div class=\"e-con-inner\">\n\t\t<div class=\"elementor-element elementor-element-9279bd3 e-con-full e-flex e-con e-child\" data-id=\"9279bd3\" data-element_type=\"container\" data-e-type=\"container\">\n\t\t\t\t<div class=\"elementor-element elementor-element-a77f9d2 elementor-widget elementor-widget-image\" data-id=\"a77f9d2\" data-element_type=\"widget\" data-e-type=\"widget\" data-widget_type=\"image.default\">\n\t\t\t\t\t\t\t\t\t\t\t\t\t\t\t<img alt=\"\" fetchpriority=\"high\" decoding=\"async\" width=\"750\" height=\"1000\" src=\"https:\/\/taniaespaideperruqueria.com\/wp-content\/uploads\/2025\/07\/11-perruqueriatania-esparsala.jpg\" class=\"attachment-large size-large wp-image-284\" srcset=\"https:\/\/taniaespaideperruqueria.com\/wp-content\/uploads\/2025\/07\/11-perruqueriatania-esparsala.jpg 750w, https:\/\/taniaespaideperruqueria.com\/wp-content\/uploads\/2025\/07\/11-perruqueriatania-esparsala-225x300.jpg 225w\" sizes=\"(max-width: 750px) 100vw, 750px\" \/>\t\t\t\t\t\t\t\t\t\t\t\t\t\t\t<\/div>\n\t\t\t\t<\/div>\n\t\t<div class=\"elementor-element elementor-element-076d146 e-con-full e-flex e-con e-child\" data-id=\"076d146\" data-element_type=\"container\" data-e-type=\"container\">\n\t\t\t\t<div class=\"elementor-element elementor-element-3a80693 elementor-widget elementor-widget-heading\" data-id=\"3a80693\" data-element_type=\"widget\" data-e-type=\"widget\" data-widget_type=\"heading.default\">\n\t\t\t\t\t<h2 class=\"elementor-heading-title elementor-size-default\">Hola, s\u00f3c la T\u00e0nia!<\/h2>\t\t\t\t<\/div>\n\t\t\t\t<div class=\"elementor-element elementor-element-f5227d4 elementor-widget elementor-widget-text-editor\" data-id=\"f5227d4\" data-element_type=\"widget\" data-e-type=\"widget\" data-widget_type=\"text-editor.default\">\n\t\t\t\t\t\t\t\t\t<p>Vaig cr\u00e9ixer envoltada de tisores, pintes i converses animades al petit santuari que era la perruqueria de la Nuri, la meva mare. Aquell espai, ple de transformacions i confid\u00e8ncies, em va ensenyar molt m\u00e9s que l\u2019art per fer un restyling: em va inculcar la passi\u00f3 pel detall, l&#8217;empatia i la import\u00e0ncia de fer sentir especial cada persona que entrava per la porta.<\/p><p>Amb el temps, vaig descobrir que la meva vocaci\u00f3 no es limitava nom\u00e9s a new looks. Quan em vaig casar, vaig tenir l\u2019oportunitat de submergir-me en primera persona en el fascinant m\u00f3n de la planificaci\u00f3 i coordinaci\u00f3 d\u2019esdeveniments. Va ser llavors quan vaig adonar-me que organitzar moments \u00fanics, on cada detall encaixa a la perfecci\u00f3, m\u2019omplia tant com fer brillar els somriures al mirall de la perruqueria.<\/p><p>Avui, combino aquestes dues passions per oferir serveis que posen les persones sempre al centre. Tant si es tracta de crear un estil que reflecteixi qui ets com d\u2019orquestrar un esdeveniment que recordis per sempre, estic aqu\u00ed per acompanyar-te a cada pas.<\/p><p>Aquest lloc web \u00e9s el reflex d\u2019una vida dedicada a la bellesa, la creativitat i els moments que marquen la difer\u00e8ncia.<\/p><p><strong>Gr\u00e0cies a tots els que heu confiat fins ara en els meus serveis per tal de fer realitat els vostres somnis!<\/strong><\/p>\t\t\t\t\t\t\t\t<\/div>\n\t\t\t\t<div class=\"elementor-element elementor-element-a6470aa elementor-widget elementor-widget-image\" data-id=\"a6470aa\" data-element_type=\"widget\" data-e-type=\"widget\" data-widget_type=\"image.default\">\n\t\t\t\t\t\t\t\t\t\t\t\t\t\t\t<img alt=\"\" decoding=\"async\" width=\"1024\" height=\"1024\" src=\"https:\/\/taniaespaideperruqueria.com\/wp-content\/uploads\/2025\/07\/firm.svg\" class=\"attachment-large size-large wp-image-373\" \/>\t\t\t\t\t\t\t\t\t\t\t\t\t\t\t<\/div>\n\t\t\t\t<div class=\"elementor-element elementor-element-14ef94f elementor-widget elementor-widget-button\" data-id=\"14ef94f\" data-element_type=\"widget\" data-e-type=\"widget\" data-widget_type=\"button.default\">\n\t\t\t\t\t\t\t\t\t\t<a class=\"elementor-button elementor-button-link elementor-size-sm\" href=\"https:\/\/taniaespaideperruqueria.com\/es\/contacte\/\">\n\t\t\t\t\t\t<span class=\"elementor-button-content-wrapper\">\n\t\t\t\t\t\t\t\t\t<span class=\"elementor-button-text\">Contactar<\/span>\n\t\t\t\t\t<\/span>\n\t\t\t\t\t<\/a>\n\t\t\t\t\t\t\t\t<\/div>\n\t\t\t\t<\/div>\n\t\t\t\t\t<\/div>\n\t\t\t\t<\/div>\n\t\t<div class=\"elementor-element elementor-element-c38162c e-flex e-con-boxed e-con e-parent\" data-id=\"c38162c\" data-element_type=\"container\" data-e-type=\"container\">\n\t\t\t\t\t<div class=\"e-con-inner\">\n\t\t\t\t<div class=\"elementor-element elementor-element-6059063 elementor-widget elementor-widget-heading\" data-id=\"6059063\" data-element_type=\"widget\" data-e-type=\"widget\" data-widget_type=\"heading.default\">\n\t\t\t\t\t<h2 class=\"elementor-heading-title elementor-size-default\">L'espai<\/h2>\t\t\t\t<\/div>\n\t\t\t\t<div class=\"elementor-element elementor-element-7173923 elementor-widget elementor-widget-gallery\" data-id=\"7173923\" data-element_type=\"widget\" data-e-type=\"widget\" data-settings=\"{&quot;gallery_layout&quot;:&quot;justified&quot;,&quot;ideal_row_height&quot;:{&quot;unit&quot;:&quot;px&quot;,&quot;size&quot;:330,&quot;sizes&quot;:[]},&quot;lazyload&quot;:&quot;yes&quot;,&quot;ideal_row_height_tablet&quot;:{&quot;unit&quot;:&quot;px&quot;,&quot;size&quot;:150,&quot;sizes&quot;:[]},&quot;ideal_row_height_mobile&quot;:{&quot;unit&quot;:&quot;px&quot;,&quot;size&quot;:150,&quot;sizes&quot;:[]},&quot;gap&quot;:{&quot;unit&quot;:&quot;px&quot;,&quot;size&quot;:10,&quot;sizes&quot;:[]},&quot;gap_tablet&quot;:{&quot;unit&quot;:&quot;px&quot;,&quot;size&quot;:10,&quot;sizes&quot;:[]},&quot;gap_mobile&quot;:{&quot;unit&quot;:&quot;px&quot;,&quot;size&quot;:10,&quot;sizes&quot;:[]},&quot;link_to&quot;:&quot;file&quot;,&quot;overlay_background&quot;:&quot;yes&quot;,&quot;content_hover_animation&quot;:&quot;fade-in&quot;}\" data-widget_type=\"gallery.default\">\n\t\t\t\t\t\t\t<div class=\"elementor-gallery__container\">\n\t\t\t\t\t\t\t<a class=\"e-gallery-item elementor-gallery-item elementor-animated-content\" href=\"https:\/\/taniaespaideperruqueria.com\/wp-content\/uploads\/2025\/07\/tania-espai-perruqueria-13.jpg\" data-elementor-open-lightbox=\"yes\" data-elementor-lightbox-slideshow=\"7173923\" data-e-action-hash=\"#elementor-action%3Aaction%3Dlightbox%26settings%3DeyJpZCI6NDMzLCJ1cmwiOiJodHRwczpcL1wvdGFuaWFlc3BhaWRlcGVycnVxdWVyaWEuY29tXC93cC1jb250ZW50XC91cGxvYWRzXC8yMDI1XC8wN1wvdGFuaWEtZXNwYWktcGVycnVxdWVyaWEtMTMuanBnIiwic2xpZGVzaG93IjoiNzE3MzkyMyJ9\">\n\t\t\t\t\t<div class=\"e-gallery-image elementor-gallery-item__image\" data-thumbnail=\"https:\/\/taniaespaideperruqueria.com\/wp-content\/uploads\/2025\/07\/tania-espai-perruqueria-13.jpg\" data-width=\"900\" data-height=\"1200\" aria-label=\"\" role=\"img\" ><\/div>\n\t\t\t\t\t\t\t\t\t\t\t<div class=\"elementor-gallery-item__overlay\"><\/div>\n\t\t\t\t\t\t\t\t\t\t\t\t\t\t<\/a>\n\t\t\t\t\t\t\t<a class=\"e-gallery-item elementor-gallery-item elementor-animated-content\" href=\"https:\/\/taniaespaideperruqueria.com\/wp-content\/uploads\/2025\/07\/tania-espai-perruqueria-12.jpg\" data-elementor-open-lightbox=\"yes\" data-elementor-lightbox-slideshow=\"7173923\" data-e-action-hash=\"#elementor-action%3Aaction%3Dlightbox%26settings%3DeyJpZCI6NDM0LCJ1cmwiOiJodHRwczpcL1wvdGFuaWFlc3BhaWRlcGVycnVxdWVyaWEuY29tXC93cC1jb250ZW50XC91cGxvYWRzXC8yMDI1XC8wN1wvdGFuaWEtZXNwYWktcGVycnVxdWVyaWEtMTIuanBnIiwic2xpZGVzaG93IjoiNzE3MzkyMyJ9\">\n\t\t\t\t\t<div class=\"e-gallery-image elementor-gallery-item__image\" data-thumbnail=\"https:\/\/taniaespaideperruqueria.com\/wp-content\/uploads\/2025\/07\/tania-espai-perruqueria-12.jpg\" data-width=\"900\" data-height=\"1200\" aria-label=\"\" role=\"img\" ><\/div>\n\t\t\t\t\t\t\t\t\t\t\t<div class=\"elementor-gallery-item__overlay\"><\/div>\n\t\t\t\t\t\t\t\t\t\t\t\t\t\t<\/a>\n\t\t\t\t\t\t\t<a class=\"e-gallery-item elementor-gallery-item elementor-animated-content\" href=\"https:\/\/taniaespaideperruqueria.com\/wp-content\/uploads\/2025\/07\/tania-espai-perruqueria-10.jpg\" data-elementor-open-lightbox=\"yes\" data-elementor-lightbox-slideshow=\"7173923\" data-e-action-hash=\"#elementor-action%3Aaction%3Dlightbox%26settings%3DeyJpZCI6NDM1LCJ1cmwiOiJodHRwczpcL1wvdGFuaWFlc3BhaWRlcGVycnVxdWVyaWEuY29tXC93cC1jb250ZW50XC91cGxvYWRzXC8yMDI1XC8wN1wvdGFuaWEtZXNwYWktcGVycnVxdWVyaWEtMTAuanBnIiwic2xpZGVzaG93IjoiNzE3MzkyMyJ9\">\n\t\t\t\t\t<div class=\"e-gallery-image elementor-gallery-item__image\" data-thumbnail=\"https:\/\/taniaespaideperruqueria.com\/wp-content\/uploads\/2025\/07\/tania-espai-perruqueria-10.jpg\" data-width=\"1200\" data-height=\"900\" aria-label=\"\" role=\"img\" ><\/div>\n\t\t\t\t\t\t\t\t\t\t\t<div class=\"elementor-gallery-item__overlay\"><\/div>\n\t\t\t\t\t\t\t\t\t\t\t\t\t\t<\/a>\n\t\t\t\t\t\t\t<a class=\"e-gallery-item elementor-gallery-item elementor-animated-content\" href=\"https:\/\/taniaespaideperruqueria.com\/wp-content\/uploads\/2025\/07\/tania-espai-perruqueria-09.jpg\" data-elementor-open-lightbox=\"yes\" data-elementor-lightbox-slideshow=\"7173923\" data-e-action-hash=\"#elementor-action%3Aaction%3Dlightbox%26settings%3DeyJpZCI6NDM2LCJ1cmwiOiJodHRwczpcL1wvdGFuaWFlc3BhaWRlcGVycnVxdWVyaWEuY29tXC93cC1jb250ZW50XC91cGxvYWRzXC8yMDI1XC8wN1wvdGFuaWEtZXNwYWktcGVycnVxdWVyaWEtMDkuanBnIiwic2xpZGVzaG93IjoiNzE3MzkyMyJ9\">\n\t\t\t\t\t<div class=\"e-gallery-image elementor-gallery-item__image\" data-thumbnail=\"https:\/\/taniaespaideperruqueria.com\/wp-content\/uploads\/2025\/07\/tania-espai-perruqueria-09.jpg\" data-width=\"1200\" data-height=\"900\" aria-label=\"\" role=\"img\" ><\/div>\n\t\t\t\t\t\t\t\t\t\t\t<div class=\"elementor-gallery-item__overlay\"><\/div>\n\t\t\t\t\t\t\t\t\t\t\t\t\t\t<\/a>\n\t\t\t\t\t\t\t<a class=\"e-gallery-item elementor-gallery-item elementor-animated-content\" href=\"https:\/\/taniaespaideperruqueria.com\/wp-content\/uploads\/2025\/07\/tania-espai-perruqueria-11.jpg\" data-elementor-open-lightbox=\"yes\" data-elementor-lightbox-slideshow=\"7173923\" data-e-action-hash=\"#elementor-action%3Aaction%3Dlightbox%26settings%3DeyJpZCI6NDM3LCJ1cmwiOiJodHRwczpcL1wvdGFuaWFlc3BhaWRlcGVycnVxdWVyaWEuY29tXC93cC1jb250ZW50XC91cGxvYWRzXC8yMDI1XC8wN1wvdGFuaWEtZXNwYWktcGVycnVxdWVyaWEtMTEuanBnIiwic2xpZGVzaG93IjoiNzE3MzkyMyJ9\">\n\t\t\t\t\t<div class=\"e-gallery-image elementor-gallery-item__image\" data-thumbnail=\"https:\/\/taniaespaideperruqueria.com\/wp-content\/uploads\/2025\/07\/tania-espai-perruqueria-11.jpg\" data-width=\"1200\" data-height=\"900\" aria-label=\"\" role=\"img\" ><\/div>\n\t\t\t\t\t\t\t\t\t\t\t<div class=\"elementor-gallery-item__overlay\"><\/div>\n\t\t\t\t\t\t\t\t\t\t\t\t\t\t<\/a>\n\t\t\t\t\t\t\t<a class=\"e-gallery-item elementor-gallery-item elementor-animated-content\" href=\"https:\/\/taniaespaideperruqueria.com\/wp-content\/uploads\/2025\/07\/tania-espai-perruqueria-08.jpg\" data-elementor-open-lightbox=\"yes\" data-elementor-lightbox-slideshow=\"7173923\" data-e-action-hash=\"#elementor-action%3Aaction%3Dlightbox%26settings%3DeyJpZCI6NDM4LCJ1cmwiOiJodHRwczpcL1wvdGFuaWFlc3BhaWRlcGVycnVxdWVyaWEuY29tXC93cC1jb250ZW50XC91cGxvYWRzXC8yMDI1XC8wN1wvdGFuaWEtZXNwYWktcGVycnVxdWVyaWEtMDguanBnIiwic2xpZGVzaG93IjoiNzE3MzkyMyJ9\">\n\t\t\t\t\t<div class=\"e-gallery-image elementor-gallery-item__image\" data-thumbnail=\"https:\/\/taniaespaideperruqueria.com\/wp-content\/uploads\/2025\/07\/tania-espai-perruqueria-08.jpg\" data-width=\"1200\" data-height=\"900\" aria-label=\"\" role=\"img\" ><\/div>\n\t\t\t\t\t\t\t\t\t\t\t<div class=\"elementor-gallery-item__overlay\"><\/div>\n\t\t\t\t\t\t\t\t\t\t\t\t\t\t<\/a>\n\t\t\t\t\t\t\t<a class=\"e-gallery-item elementor-gallery-item elementor-animated-content\" href=\"https:\/\/taniaespaideperruqueria.com\/wp-content\/uploads\/2025\/07\/tania-espai-perruqueria-07.jpg\" data-elementor-open-lightbox=\"yes\" data-elementor-lightbox-slideshow=\"7173923\" data-e-action-hash=\"#elementor-action%3Aaction%3Dlightbox%26settings%3DeyJpZCI6NDM5LCJ1cmwiOiJodHRwczpcL1wvdGFuaWFlc3BhaWRlcGVycnVxdWVyaWEuY29tXC93cC1jb250ZW50XC91cGxvYWRzXC8yMDI1XC8wN1wvdGFuaWEtZXNwYWktcGVycnVxdWVyaWEtMDcuanBnIiwic2xpZGVzaG93IjoiNzE3MzkyMyJ9\">\n\t\t\t\t\t<div class=\"e-gallery-image elementor-gallery-item__image\" data-thumbnail=\"https:\/\/taniaespaideperruqueria.com\/wp-content\/uploads\/2025\/07\/tania-espai-perruqueria-07.jpg\" data-width=\"900\" data-height=\"1200\" aria-label=\"\" role=\"img\" ><\/div>\n\t\t\t\t\t\t\t\t\t\t\t<div class=\"elementor-gallery-item__overlay\"><\/div>\n\t\t\t\t\t\t\t\t\t\t\t\t\t\t<\/a>\n\t\t\t\t\t\t\t<a class=\"e-gallery-item elementor-gallery-item elementor-animated-content\" href=\"https:\/\/taniaespaideperruqueria.com\/wp-content\/uploads\/2025\/07\/tania-espai-perruqueria-06.jpg\" data-elementor-open-lightbox=\"yes\" data-elementor-lightbox-slideshow=\"7173923\" data-e-action-hash=\"#elementor-action%3Aaction%3Dlightbox%26settings%3DeyJpZCI6NDQwLCJ1cmwiOiJodHRwczpcL1wvdGFuaWFlc3BhaWRlcGVycnVxdWVyaWEuY29tXC93cC1jb250ZW50XC91cGxvYWRzXC8yMDI1XC8wN1wvdGFuaWEtZXNwYWktcGVycnVxdWVyaWEtMDYuanBnIiwic2xpZGVzaG93IjoiNzE3MzkyMyJ9\">\n\t\t\t\t\t<div class=\"e-gallery-image elementor-gallery-item__image\" data-thumbnail=\"https:\/\/taniaespaideperruqueria.com\/wp-content\/uploads\/2025\/07\/tania-espai-perruqueria-06.jpg\" data-width=\"900\" data-height=\"1200\" aria-label=\"\" role=\"img\" ><\/div>\n\t\t\t\t\t\t\t\t\t\t\t<div class=\"elementor-gallery-item__overlay\"><\/div>\n\t\t\t\t\t\t\t\t\t\t\t\t\t\t<\/a>\n\t\t\t\t\t\t\t<a class=\"e-gallery-item elementor-gallery-item elementor-animated-content\" href=\"https:\/\/taniaespaideperruqueria.com\/wp-content\/uploads\/2025\/07\/tania-espai-perruqueria-05.jpg\" data-elementor-open-lightbox=\"yes\" data-elementor-lightbox-slideshow=\"7173923\" data-e-action-hash=\"#elementor-action%3Aaction%3Dlightbox%26settings%3DeyJpZCI6NDQxLCJ1cmwiOiJodHRwczpcL1wvdGFuaWFlc3BhaWRlcGVycnVxdWVyaWEuY29tXC93cC1jb250ZW50XC91cGxvYWRzXC8yMDI1XC8wN1wvdGFuaWEtZXNwYWktcGVycnVxdWVyaWEtMDUuanBnIiwic2xpZGVzaG93IjoiNzE3MzkyMyJ9\">\n\t\t\t\t\t<div class=\"e-gallery-image elementor-gallery-item__image\" data-thumbnail=\"https:\/\/taniaespaideperruqueria.com\/wp-content\/uploads\/2025\/07\/tania-espai-perruqueria-05.jpg\" data-width=\"900\" data-height=\"1200\" aria-label=\"\" role=\"img\" ><\/div>\n\t\t\t\t\t\t\t\t\t\t\t<div class=\"elementor-gallery-item__overlay\"><\/div>\n\t\t\t\t\t\t\t\t\t\t\t\t\t\t<\/a>\n\t\t\t\t\t\t\t<a class=\"e-gallery-item elementor-gallery-item elementor-animated-content\" href=\"https:\/\/taniaespaideperruqueria.com\/wp-content\/uploads\/2025\/07\/tania-espai-perruqueria-04.jpg\" data-elementor-open-lightbox=\"yes\" data-elementor-lightbox-slideshow=\"7173923\" data-e-action-hash=\"#elementor-action%3Aaction%3Dlightbox%26settings%3DeyJpZCI6NDQyLCJ1cmwiOiJodHRwczpcL1wvdGFuaWFlc3BhaWRlcGVycnVxdWVyaWEuY29tXC93cC1jb250ZW50XC91cGxvYWRzXC8yMDI1XC8wN1wvdGFuaWEtZXNwYWktcGVycnVxdWVyaWEtMDQuanBnIiwic2xpZGVzaG93IjoiNzE3MzkyMyJ9\">\n\t\t\t\t\t<div class=\"e-gallery-image elementor-gallery-item__image\" data-thumbnail=\"https:\/\/taniaespaideperruqueria.com\/wp-content\/uploads\/2025\/07\/tania-espai-perruqueria-04.jpg\" data-width=\"900\" data-height=\"1200\" aria-label=\"\" role=\"img\" ><\/div>\n\t\t\t\t\t\t\t\t\t\t\t<div class=\"elementor-gallery-item__overlay\"><\/div>\n\t\t\t\t\t\t\t\t\t\t\t\t\t\t<\/a>\n\t\t\t\t\t\t\t<a class=\"e-gallery-item elementor-gallery-item elementor-animated-content\" href=\"https:\/\/taniaespaideperruqueria.com\/wp-content\/uploads\/2025\/07\/tania-espai-perruqueria-03.jpg\" data-elementor-open-lightbox=\"yes\" data-elementor-lightbox-slideshow=\"7173923\" data-e-action-hash=\"#elementor-action%3Aaction%3Dlightbox%26settings%3DeyJpZCI6NDQzLCJ1cmwiOiJodHRwczpcL1wvdGFuaWFlc3BhaWRlcGVycnVxdWVyaWEuY29tXC93cC1jb250ZW50XC91cGxvYWRzXC8yMDI1XC8wN1wvdGFuaWEtZXNwYWktcGVycnVxdWVyaWEtMDMuanBnIiwic2xpZGVzaG93IjoiNzE3MzkyMyJ9\">\n\t\t\t\t\t<div class=\"e-gallery-image elementor-gallery-item__image\" data-thumbnail=\"https:\/\/taniaespaideperruqueria.com\/wp-content\/uploads\/2025\/07\/tania-espai-perruqueria-03.jpg\" data-width=\"900\" data-height=\"1200\" aria-label=\"\" role=\"img\" ><\/div>\n\t\t\t\t\t\t\t\t\t\t\t<div class=\"elementor-gallery-item__overlay\"><\/div>\n\t\t\t\t\t\t\t\t\t\t\t\t\t\t<\/a>\n\t\t\t\t\t\t\t<a class=\"e-gallery-item elementor-gallery-item elementor-animated-content\" href=\"https:\/\/taniaespaideperruqueria.com\/wp-content\/uploads\/2025\/07\/tania-espai-perruqueria-01.jpg\" data-elementor-open-lightbox=\"yes\" data-elementor-lightbox-slideshow=\"7173923\" data-e-action-hash=\"#elementor-action%3Aaction%3Dlightbox%26settings%3DeyJpZCI6NDQ0LCJ1cmwiOiJodHRwczpcL1wvdGFuaWFlc3BhaWRlcGVycnVxdWVyaWEuY29tXC93cC1jb250ZW50XC91cGxvYWRzXC8yMDI1XC8wN1wvdGFuaWEtZXNwYWktcGVycnVxdWVyaWEtMDEuanBnIiwic2xpZGVzaG93IjoiNzE3MzkyMyJ9\">\n\t\t\t\t\t<div class=\"e-gallery-image elementor-gallery-item__image\" data-thumbnail=\"https:\/\/taniaespaideperruqueria.com\/wp-content\/uploads\/2025\/07\/tania-espai-perruqueria-01.jpg\" data-width=\"1200\" data-height=\"900\" aria-label=\"\" role=\"img\" ><\/div>\n\t\t\t\t\t\t\t\t\t\t\t<div class=\"elementor-gallery-item__overlay\"><\/div>\n\t\t\t\t\t\t\t\t\t\t\t\t\t\t<\/a>\n\t\t\t\t\t<\/div>\n\t\t\t\t\t<\/div>\n\t\t\t\t\t<\/div>\n\t\t\t\t<\/div>\n\t\t\t\t<\/div>","protected":false},"excerpt":{"rendered":"<p>Hola, s\u00f3c la T\u00e0nia! Vaig cr\u00e9ixer envoltada de tisores, pintes i converses animades al petit santuari que era la perruqueria [&hellip;]<\/p>\n","protected":false},"author":2,"featured_media":0,"parent":0,"menu_order":0,"comment_status":"closed","ping_status":"closed","template":"","meta":{"_seopress_robots_primary_cat":"","_seopress_titles_title":"","_seopress_titles_desc":"","_seopress_robots_index":"","inline_featured_image":false,"site-sidebar-layout":"no-sidebar","site-content-layout":"","ast-site-content-layout":"full-width-container","site-content-style":"default","site-sidebar-style":"default","ast-global-header-display":"","ast-banner-title-visibility":"","ast-main-header-display":"","ast-hfb-above-header-display":"","ast-hfb-below-header-display":"","ast-hfb-mobile-header-display":"","site-post-title":"disabled","ast-breadcrumbs-content":"","ast-featured-img":"disabled","footer-sml-layout":"","ast-disable-related-posts":"","theme-transparent-header-meta":"","adv-header-id-meta":"","stick-header-meta":"","header-above-stick-meta":"","header-main-stick-meta":"","header-below-stick-meta":"","astra-migrate-meta-layouts":"default","ast-page-background-enabled":"default","ast-page-background-meta":{"desktop":{"background-color":"var(--ast-global-color-5)","background-image":"","background-repeat":"repeat","background-position":"center center","background-size":"auto","background-attachment":"scroll","background-type":"","background-media":"","overlay-type":"","overlay-color":"","overlay-opacity":"","overlay-gradient":""},"tablet":{"background-color":"","background-image":"","background-repeat":"repeat","background-position":"center center","background-size":"auto","background-attachment":"scroll","background-type":"","background-media":"","overlay-type":"","overlay-color":"","overlay-opacity":"","overlay-gradient":""},"mobile":{"background-color":"","background-image":"","background-repeat":"repeat","background-position":"center center","background-size":"auto","background-attachment":"scroll","background-type":"","background-media":"","overlay-type":"","overlay-color":"","overlay-opacity":"","overlay-gradient":""}},"ast-content-background-meta":{"desktop":{"background-color":"var(--ast-global-color-4)","background-image":"","background-repeat":"repeat","background-position":"center center","background-size":"auto","background-attachment":"scroll","background-type":"","background-media":"","overlay-type":"","overlay-color":"","overlay-opacity":"","overlay-gradient":""},"tablet":{"background-color":"var(--ast-global-color-4)","background-image":"","background-repeat":"repeat","background-position":"center center","background-size":"auto","background-attachment":"scroll","background-type":"","background-media":"","overlay-type":"","overlay-color":"","overlay-opacity":"","overlay-gradient":""},"mobile":{"background-color":"var(--ast-global-color-4)","background-image":"","background-repeat":"repeat","background-position":"center center","background-size":"auto","background-attachment":"scroll","background-type":"","background-media":"","overlay-type":"","overlay-color":"","overlay-opacity":"","overlay-gradient":""}},"footnotes":""},"class_list":["post-16","page","type-page","status-publish","hentry"],"_links":{"self":[{"href":"https:\/\/taniaespaideperruqueria.com\/es\/wp-json\/wp\/v2\/pages\/16","targetHints":{"allow":["GET"]}}],"collection":[{"href":"https:\/\/taniaespaideperruqueria.com\/es\/wp-json\/wp\/v2\/pages"}],"about":[{"href":"https:\/\/taniaespaideperruqueria.com\/es\/wp-json\/wp\/v2\/types\/page"}],"author":[{"embeddable":true,"href":"https:\/\/taniaespaideperruqueria.com\/es\/wp-json\/wp\/v2\/users\/2"}],"replies":[{"embeddable":true,"href":"https:\/\/taniaespaideperruqueria.com\/es\/wp-json\/wp\/v2\/comments?post=16"}],"version-history":[{"count":47,"href":"https:\/\/taniaespaideperruqueria.com\/es\/wp-json\/wp\/v2\/pages\/16\/revisions"}],"predecessor-version":[{"id":447,"href":"https:\/\/taniaespaideperruqueria.com\/es\/wp-json\/wp\/v2\/pages\/16\/revisions\/447"}],"wp:attachment":[{"href":"https:\/\/taniaespaideperruqueria.com\/es\/wp-json\/wp\/v2\/media?parent=16"}],"curies":[{"name":"wp","href":"https:\/\/api.w.org\/{rel}","templated":true}]}}