{"id":18,"date":"2025-07-11T07:12:23","date_gmt":"2025-07-11T07:12:23","guid":{"rendered":"https:\/\/taniaespaideperruqueria.com\/?page_id=18"},"modified":"2025-07-13T11:03:44","modified_gmt":"2025-07-13T11:03:44","slug":"serveis","status":"publish","type":"page","link":"https:\/\/taniaespaideperruqueria.com\/es\/serveis\/","title":{"rendered":"Serveis"},"content":{"rendered":"<div data-elementor-type=\"wp-page\" data-elementor-id=\"18\" class=\"elementor elementor-18\" data-elementor-post-type=\"page\">\n\t\t\t\t<div class=\"elementor-element elementor-element-d318f76 e-flex e-con-boxed e-con e-parent\" data-id=\"d318f76\" data-element_type=\"container\" data-e-type=\"container\" id=\"perruqueria\">\n\t\t\t\t\t<div class=\"e-con-inner\">\n\t\t<div class=\"elementor-element elementor-element-7bcdda8 e-con-full e-flex e-con e-child\" data-id=\"7bcdda8\" data-element_type=\"container\" data-e-type=\"container\">\n\t\t\t\t<div class=\"elementor-element elementor-element-2658921 elementor-widget elementor-widget-image\" data-id=\"2658921\" data-element_type=\"widget\" data-e-type=\"widget\" data-widget_type=\"image.default\">\n\t\t\t\t\t\t\t\t\t\t\t\t\t\t\t<img alt=\"\" fetchpriority=\"high\" decoding=\"async\" width=\"1000\" height=\"1000\" src=\"https:\/\/taniaespaideperruqueria.com\/wp-content\/uploads\/2025\/07\/TaniaEspaiPerriqueria_Serveis.jpg\" class=\"attachment-large size-large wp-image-218\" srcset=\"https:\/\/taniaespaideperruqueria.com\/wp-content\/uploads\/2025\/07\/TaniaEspaiPerriqueria_Serveis.jpg 1000w, https:\/\/taniaespaideperruqueria.com\/wp-content\/uploads\/2025\/07\/TaniaEspaiPerriqueria_Serveis-300x300.jpg 300w, https:\/\/taniaespaideperruqueria.com\/wp-content\/uploads\/2025\/07\/TaniaEspaiPerriqueria_Serveis-150x150.jpg 150w, https:\/\/taniaespaideperruqueria.com\/wp-content\/uploads\/2025\/07\/TaniaEspaiPerriqueria_Serveis-768x768.jpg 768w\" sizes=\"(max-width: 1000px) 100vw, 1000px\" \/>\t\t\t\t\t\t\t\t\t\t\t\t\t\t\t<\/div>\n\t\t\t\t<\/div>\n\t\t<div class=\"elementor-element elementor-element-9c6ec66 e-con-full e-flex e-con e-child\" data-id=\"9c6ec66\" data-element_type=\"container\" data-e-type=\"container\">\n\t\t\t\t<div class=\"elementor-element elementor-element-e1dabb2 elementor-widget elementor-widget-heading\" data-id=\"e1dabb2\" data-element_type=\"widget\" data-e-type=\"widget\" data-widget_type=\"heading.default\">\n\t\t\t\t\t<h2 class=\"elementor-heading-title elementor-size-default\">Perruqueria<\/h2>\t\t\t\t<\/div>\n\t\t\t\t<div class=\"elementor-element elementor-element-3013082 elementor-widget-divider--view-line elementor-widget elementor-widget-divider\" data-id=\"3013082\" data-element_type=\"widget\" data-e-type=\"widget\" data-widget_type=\"divider.default\">\n\t\t\t\t\t\t\t<div class=\"elementor-divider\">\n\t\t\t<span class=\"elementor-divider-separator\">\n\t\t\t\t\t\t<\/span>\n\t\t<\/div>\n\t\t\t\t\t\t<\/div>\n\t\t<div class=\"elementor-element elementor-element-d291ddd e-grid e-con-full e-con e-child\" data-id=\"d291ddd\" data-element_type=\"container\" data-e-type=\"container\">\n\t\t\t\t<div class=\"elementor-element elementor-element-00353a7 elementor-widget elementor-widget-text-editor\" data-id=\"00353a7\" data-element_type=\"widget\" data-e-type=\"widget\" data-widget_type=\"text-editor.default\">\n\t\t\t\t\t\t\t\t\t<p><strong>Tallat i brushing<\/strong><\/p><p><strong>Especialistes en tractaments<\/strong><\/p><ul><li style=\"font-weight: 400;\" aria-level=\"1\"><span style=\"font-weight: 400;\">Hidrataci\u00f3<\/span><\/li><li style=\"font-weight: 400;\" aria-level=\"1\"><span style=\"font-weight: 400;\">Caspa, grassa, caiguda<\/span><\/li><li style=\"font-weight: 400;\" aria-level=\"1\"><span style=\"font-weight: 400;\">Protecci\u00f3 del colr<\/span><\/li><li style=\"font-weight: 400;\" aria-level=\"1\"><span style=\"font-weight: 400;\">Volum i botox<\/span><\/li><li style=\"font-weight: 400;\" aria-level=\"1\"><span style=\"font-weight: 400;\">Reparaci\u00f3 i nutrici\u00f3<\/span><\/li><li style=\"font-weight: 400;\" aria-level=\"1\"><span style=\"font-weight: 400;\">Brillo<\/span><\/li><li style=\"font-weight: 400;\" aria-level=\"1\"><span style=\"font-weight: 400;\">Calmant<\/span><\/li><li style=\"font-weight: 400;\" aria-level=\"1\"><span style=\"font-weight: 400;\">Cauteritzaci\u00f3<\/span><\/li><li style=\"font-weight: 400;\" aria-level=\"1\"><span style=\"font-weight: 400;\">Allisat org\u00e0nic\u00a0<\/span><\/li><li style=\"font-weight: 400;\" aria-level=\"1\"><span style=\"font-weight: 400;\">Ris<\/span><\/li><li style=\"font-weight: 400;\" aria-level=\"1\"><span style=\"font-weight: 400;\">Frizz<\/span><\/li><\/ul>\t\t\t\t\t\t\t\t<\/div>\n\t\t\t\t<div class=\"elementor-element elementor-element-453972f elementor-widget elementor-widget-text-editor\" data-id=\"453972f\" data-element_type=\"widget\" data-e-type=\"widget\" data-widget_type=\"text-editor.default\">\n\t\t\t\t\t\t\t\t\t<p><strong>Color<\/strong><\/p><ul><li style=\"font-weight: 400;\" aria-level=\"1\"><span style=\"font-weight: 400;\">Tint<\/span><\/li><li style=\"font-weight: 400;\" aria-level=\"1\">Metxes<ul><li><span style=\"font-weight: 400;\">Umbrella<\/span><\/li><li><span style=\"font-weight: 400;\">Balayage<\/span><\/li><li><span style=\"font-weight: 400;\">Baby lights<\/span><\/li><li><span style=\"font-weight: 400;\">Californianes <\/span><\/li><li><span style=\"font-weight: 400;\">Reflexes i decoloraci\u00f3<\/span><\/li><\/ul><\/li><\/ul><p><strong>Moldejats<\/strong><\/p><p><strong>Recollits<\/strong><\/p>\t\t\t\t\t\t\t\t<\/div>\n\t\t\t\t<\/div>\n\t\t\t\t<\/div>\n\t\t\t\t\t<\/div>\n\t\t\t\t<\/div>\n\t\t<div class=\"elementor-element elementor-element-c2a3c5b e-flex e-con-boxed e-con e-parent\" data-id=\"c2a3c5b\" data-element_type=\"container\" data-e-type=\"container\" id=\"estetica\">\n\t\t\t\t\t<div class=\"e-con-inner\">\n\t\t<div class=\"elementor-element elementor-element-9d55309 e-con-full e-flex e-con e-child\" data-id=\"9d55309\" data-element_type=\"container\" data-e-type=\"container\">\n\t\t\t\t<div class=\"elementor-element elementor-element-2de1273 elementor-widget elementor-widget-heading\" data-id=\"2de1273\" data-element_type=\"widget\" data-e-type=\"widget\" data-widget_type=\"heading.default\">\n\t\t\t\t\t<h2 class=\"elementor-heading-title elementor-size-default\">Est\u00e8tica<\/h2>\t\t\t\t<\/div>\n\t\t\t\t<div class=\"elementor-element elementor-element-f96f029 elementor-widget-divider--view-line elementor-widget elementor-widget-divider\" data-id=\"f96f029\" data-element_type=\"widget\" data-e-type=\"widget\" data-widget_type=\"divider.default\">\n\t\t\t\t\t\t\t<div class=\"elementor-divider\">\n\t\t\t<span class=\"elementor-divider-separator\">\n\t\t\t\t\t\t<\/span>\n\t\t<\/div>\n\t\t\t\t\t\t<\/div>\n\t\t<div class=\"elementor-element elementor-element-54d17b0 e-grid e-con-full e-con e-child\" data-id=\"54d17b0\" data-element_type=\"container\" data-e-type=\"container\">\n\t\t\t\t<div class=\"elementor-element elementor-element-48a2afc elementor-widget elementor-widget-text-editor\" data-id=\"48a2afc\" data-element_type=\"widget\" data-e-type=\"widget\" data-widget_type=\"text-editor.default\">\n\t\t\t\t\t\t\t\t\t<ul><li>Manicura i pedicura semipermanent o cl\u00e0ssica<\/li><li>Make-up<\/li><li>Pressoter\u00e0pia<\/li><li>Maderoter\u00e0pia<\/li><li>Neteja facial<\/li><li>Massatge amb washa i rodets<\/li><li>Massatge relaxant<\/li><li>Massatge descontractuant<\/li><li>Exfoliaci\u00f3 corporal<\/li><\/ul>\t\t\t\t\t\t\t\t<\/div>\n\t\t\t\t<\/div>\n\t\t\t\t<\/div>\n\t\t<div class=\"elementor-element elementor-element-fdd7829 e-con-full e-flex e-con e-child\" data-id=\"fdd7829\" data-element_type=\"container\" data-e-type=\"container\">\n\t\t\t\t<div class=\"elementor-element elementor-element-282ee22 elementor-widget elementor-widget-image\" data-id=\"282ee22\" data-element_type=\"widget\" data-e-type=\"widget\" data-widget_type=\"image.default\">\n\t\t\t\t\t\t\t\t\t\t\t\t\t\t\t<img alt=\"\" decoding=\"async\" width=\"1018\" height=\"1018\" src=\"https:\/\/taniaespaideperruqueria.com\/wp-content\/uploads\/2025\/07\/esteica.jpg\" class=\"attachment-large size-large wp-image-265\" srcset=\"https:\/\/taniaespaideperruqueria.com\/wp-content\/uploads\/2025\/07\/esteica.jpg 1018w, https:\/\/taniaespaideperruqueria.com\/wp-content\/uploads\/2025\/07\/esteica-300x300.jpg 300w, https:\/\/taniaespaideperruqueria.com\/wp-content\/uploads\/2025\/07\/esteica-150x150.jpg 150w, https:\/\/taniaespaideperruqueria.com\/wp-content\/uploads\/2025\/07\/esteica-768x768.jpg 768w\" sizes=\"(max-width: 1018px) 100vw, 1018px\" \/>\t\t\t\t\t\t\t\t\t\t\t\t\t\t\t<\/div>\n\t\t\t\t<\/div>\n\t\t\t\t\t<\/div>\n\t\t\t\t<\/div>\n\t\t<div class=\"elementor-element elementor-element-5533861 e-flex e-con-boxed e-con e-parent\" data-id=\"5533861\" data-element_type=\"container\" data-e-type=\"container\">\n\t\t\t\t\t<div class=\"e-con-inner\">\n\t\t<div class=\"elementor-element elementor-element-924c3fa e-con-full e-flex e-con e-child\" data-id=\"924c3fa\" data-element_type=\"container\" data-e-type=\"container\">\n\t\t\t\t<div class=\"elementor-element elementor-element-cf40121 elementor-widget elementor-widget-image\" data-id=\"cf40121\" data-element_type=\"widget\" data-e-type=\"widget\" data-widget_type=\"image.default\">\n\t\t\t\t\t\t\t\t\t\t\t\t\t\t\t<img alt=\"\" decoding=\"async\" width=\"403\" height=\"403\" src=\"https:\/\/taniaespaideperruqueria.com\/wp-content\/uploads\/2025\/07\/workshop.jpg\" class=\"attachment-large size-large wp-image-275\" srcset=\"https:\/\/taniaespaideperruqueria.com\/wp-content\/uploads\/2025\/07\/workshop.jpg 403w, https:\/\/taniaespaideperruqueria.com\/wp-content\/uploads\/2025\/07\/workshop-300x300.jpg 300w, https:\/\/taniaespaideperruqueria.com\/wp-content\/uploads\/2025\/07\/workshop-150x150.jpg 150w\" sizes=\"(max-width: 403px) 100vw, 403px\" \/>\t\t\t\t\t\t\t\t\t\t\t\t\t\t\t<\/div>\n\t\t\t\t<\/div>\n\t\t<div class=\"elementor-element elementor-element-963b299 e-con-full e-flex e-con e-child\" data-id=\"963b299\" data-element_type=\"container\" data-e-type=\"container\">\n\t\t\t\t<div class=\"elementor-element elementor-element-d82b170 elementor-widget elementor-widget-heading\" data-id=\"d82b170\" data-element_type=\"widget\" data-e-type=\"widget\" data-widget_type=\"heading.default\">\n\t\t\t\t\t<h2 class=\"elementor-heading-title elementor-size-default\">Formacions i workshops\n<\/h2>\t\t\t\t<\/div>\n\t\t\t\t<div class=\"elementor-element elementor-element-f42a3b7 elementor-widget-divider--view-line elementor-widget elementor-widget-divider\" data-id=\"f42a3b7\" data-element_type=\"widget\" data-e-type=\"widget\" data-widget_type=\"divider.default\">\n\t\t\t\t\t\t\t<div class=\"elementor-divider\">\n\t\t\t<span class=\"elementor-divider-separator\">\n\t\t\t\t\t\t<\/span>\n\t\t<\/div>\n\t\t\t\t\t\t<\/div>\n\t\t\t\t<div class=\"elementor-element elementor-element-62dfaef elementor-widget elementor-widget-text-editor\" data-id=\"62dfaef\" data-element_type=\"widget\" data-e-type=\"widget\" data-widget_type=\"text-editor.default\">\n\t\t\t\t\t\t\t\t\t<p>La formaci\u00f3 \u00e9s una de les meves grans passions i una pe\u00e7a clau en el meu comprom\u00eds amb l&#8217;excel\u00b7l\u00e8ncia.<\/p><p>Col\u00b7laboro amb dues marques en les quals confio plenament: <a href=\"https:\/\/www.ilovesensus.com\/\" target=\"_blank\" rel=\"noopener\"><strong>Sensus<\/strong><\/a>\u00a0 i <a href=\"https:\/\/katrinaprofesional.es\/alisado\/\" target=\"_blank\" rel=\"noopener\"><strong>Katrina<\/strong><\/a> .<\/p><p>I \u00e9s per aix\u00f2 que al nostre espai ofereixo una gran varietat de formacions i workshops pensats per inspirar i capacitar professionals del sector.<\/p><p>A m\u00e9s, em despla\u00e7o a diferents espais d&#8217;estilisme que sol\u00b7liciten els meus serveis com a especialista, adaptant cada sessi\u00f3 a les necessitats i tend\u00e8ncies actuals.<\/p><p>Aquest \u00e9s el lloc perfecte per aprendre, cr\u00e9ixer i perfeccionar les teves habilitats.<\/p>\t\t\t\t\t\t\t\t<\/div>\n\t\t\t\t<\/div>\n\t\t\t\t\t<\/div>\n\t\t\t\t<\/div>\n\t\t<div class=\"elementor-element elementor-element-358217b e-flex e-con-boxed e-con e-parent\" data-id=\"358217b\" data-element_type=\"container\" data-e-type=\"container\">\n\t\t\t\t\t<div class=\"e-con-inner\">\n\t\t\t\t<div class=\"elementor-element elementor-element-5b05ea3 elementor-widget elementor-widget-button\" data-id=\"5b05ea3\" data-element_type=\"widget\" data-e-type=\"widget\" data-widget_type=\"button.default\">\n\t\t\t\t\t\t\t\t\t\t<a class=\"elementor-button elementor-button-link elementor-size-sm\" href=\"https:\/\/taniaespaideperruqueria.com\/es\/contacte\/\">\n\t\t\t\t\t\t<span class=\"elementor-button-content-wrapper\">\n\t\t\t\t\t\t\t\t\t<span class=\"elementor-button-text\">Contacta amb nosaltres<\/span>\n\t\t\t\t\t<\/span>\n\t\t\t\t\t<\/a>\n\t\t\t\t\t\t\t\t<\/div>\n\t\t\t\t\t<\/div>\n\t\t\t\t<\/div>\n\t\t\t\t<\/div>","protected":false},"excerpt":{"rendered":"<p>Perruqueria Tallat i brushing Especialistes en tractaments Hidrataci\u00f3 Caspa, grassa, caiguda Protecci\u00f3 del colr Volum i botox Reparaci\u00f3 i nutrici\u00f3 [&hellip;]<\/p>\n","protected":false},"author":2,"featured_media":0,"parent":0,"menu_order":0,"comment_status":"closed","ping_status":"closed","template":"","meta":{"_seopress_robots_primary_cat":"","_seopress_titles_title":"","_seopress_titles_desc":"","_seopress_robots_index":"","inline_featured_image":false,"site-sidebar-layout":"no-sidebar","site-content-layout":"","ast-site-content-layout":"full-width-container","site-content-style":"default","site-sidebar-style":"default","ast-global-header-display":"","ast-banner-title-visibility":"","ast-main-header-display":"","ast-hfb-above-header-display":"","ast-hfb-below-header-display":"","ast-hfb-mobile-header-display":"","site-post-title":"disabled","ast-breadcrumbs-content":"","ast-featured-img":"disabled","footer-sml-layout":"","ast-disable-related-posts":"","theme-transparent-header-meta":"","adv-header-id-meta":"","stick-header-meta":"","header-above-stick-meta":"","header-main-stick-meta":"","header-below-stick-meta":"","astra-migrate-meta-layouts":"default","ast-page-background-enabled":"default","ast-page-background-meta":{"desktop":{"background-color":"var(--ast-global-color-5)","background-image":"","background-repeat":"repeat","background-position":"center center","background-size":"auto","background-attachment":"scroll","background-type":"","background-media":"","overlay-type":"","overlay-color":"","overlay-opacity":"","overlay-gradient":""},"tablet":{"background-color":"","background-image":"","background-repeat":"repeat","background-position":"center center","background-size":"auto","background-attachment":"scroll","background-type":"","background-media":"","overlay-type":"","overlay-color":"","overlay-opacity":"","overlay-gradient":""},"mobile":{"background-color":"","background-image":"","background-repeat":"repeat","background-position":"center center","background-size":"auto","background-attachment":"scroll","background-type":"","background-media":"","overlay-type":"","overlay-color":"","overlay-opacity":"","overlay-gradient":""}},"ast-content-background-meta":{"desktop":{"background-color":"var(--ast-global-color-4)","background-image":"","background-repeat":"repeat","background-position":"center center","background-size":"auto","background-attachment":"scroll","background-type":"","background-media":"","overlay-type":"","overlay-color":"","overlay-opacity":"","overlay-gradient":""},"tablet":{"background-color":"var(--ast-global-color-4)","background-image":"","background-repeat":"repeat","background-position":"center center","background-size":"auto","background-attachment":"scroll","background-type":"","background-media":"","overlay-type":"","overlay-color":"","overlay-opacity":"","overlay-gradient":""},"mobile":{"background-color":"var(--ast-global-color-4)","background-image":"","background-repeat":"repeat","background-position":"center center","background-size":"auto","background-attachment":"scroll","background-type":"","background-media":"","overlay-type":"","overlay-color":"","overlay-opacity":"","overlay-gradient":""}},"footnotes":""},"class_list":["post-18","page","type-page","status-publish","hentry"],"_links":{"self":[{"href":"https:\/\/taniaespaideperruqueria.com\/es\/wp-json\/wp\/v2\/pages\/18","targetHints":{"allow":["GET"]}}],"collection":[{"href":"https:\/\/taniaespaideperruqueria.com\/es\/wp-json\/wp\/v2\/pages"}],"about":[{"href":"https:\/\/taniaespaideperruqueria.com\/es\/wp-json\/wp\/v2\/types\/page"}],"author":[{"embeddable":true,"href":"https:\/\/taniaespaideperruqueria.com\/es\/wp-json\/wp\/v2\/users\/2"}],"replies":[{"embeddable":true,"href":"https:\/\/taniaespaideperruqueria.com\/es\/wp-json\/wp\/v2\/comments?post=18"}],"version-history":[{"count":38,"href":"https:\/\/taniaespaideperruqueria.com\/es\/wp-json\/wp\/v2\/pages\/18\/revisions"}],"predecessor-version":[{"id":327,"href":"https:\/\/taniaespaideperruqueria.com\/es\/wp-json\/wp\/v2\/pages\/18\/revisions\/327"}],"wp:attachment":[{"href":"https:\/\/taniaespaideperruqueria.com\/es\/wp-json\/wp\/v2\/media?parent=18"}],"curies":[{"name":"wp","href":"https:\/\/api.w.org\/{rel}","templated":true}]}}