{"id":20,"date":"2025-07-11T07:12:41","date_gmt":"2025-07-11T07:12:41","guid":{"rendered":"https:\/\/taniaespaideperruqueria.com\/?page_id=20"},"modified":"2025-08-21T16:10:06","modified_gmt":"2025-08-21T14:10:06","slug":"nuvies","status":"publish","type":"page","link":"https:\/\/taniaespaideperruqueria.com\/es\/nuvies\/","title":{"rendered":"N\u00favies"},"content":{"rendered":"<div data-elementor-type=\"wp-page\" data-elementor-id=\"20\" class=\"elementor elementor-20\" data-elementor-post-type=\"page\">\n\t\t\t\t<div class=\"elementor-element elementor-element-499dcca e-flex e-con-boxed e-con e-parent\" data-id=\"499dcca\" data-element_type=\"container\" data-e-type=\"container\">\n\t\t\t\t\t<div class=\"e-con-inner\">\n\t\t<div class=\"elementor-element elementor-element-dc35fcb e-con-full e-flex elementor-invisible e-con e-child\" data-id=\"dc35fcb\" data-element_type=\"container\" data-e-type=\"container\" data-settings=\"{&quot;animation&quot;:&quot;fadeInUp&quot;}\">\n\t\t\t\t<div class=\"elementor-element elementor-element-2cb06b7 elementor-widget elementor-widget-image\" data-id=\"2cb06b7\" data-element_type=\"widget\" data-e-type=\"widget\" data-widget_type=\"image.default\">\n\t\t\t\t\t\t\t\t\t\t\t\t\t\t\t<img alt=\"\" fetchpriority=\"high\" decoding=\"async\" width=\"819\" height=\"1024\" src=\"https:\/\/taniaespaideperruqueria.com\/wp-content\/uploads\/2025\/08\/estilisme-nuvies-819x1024.jpg\" class=\"attachment-large size-large wp-image-481\" srcset=\"https:\/\/taniaespaideperruqueria.com\/wp-content\/uploads\/2025\/08\/estilisme-nuvies-819x1024.jpg 819w, https:\/\/taniaespaideperruqueria.com\/wp-content\/uploads\/2025\/08\/estilisme-nuvies-240x300.jpg 240w, https:\/\/taniaespaideperruqueria.com\/wp-content\/uploads\/2025\/08\/estilisme-nuvies-768x960.jpg 768w, https:\/\/taniaespaideperruqueria.com\/wp-content\/uploads\/2025\/08\/estilisme-nuvies-10x12.jpg 10w, https:\/\/taniaespaideperruqueria.com\/wp-content\/uploads\/2025\/08\/estilisme-nuvies.jpg 1200w\" sizes=\"(max-width: 819px) 100vw, 819px\" \/>\t\t\t\t\t\t\t\t\t\t\t\t\t\t\t<\/div>\n\t\t\t\t<\/div>\n\t\t<div class=\"elementor-element elementor-element-5fbe395 e-con-full e-flex e-con e-child\" data-id=\"5fbe395\" data-element_type=\"container\" data-e-type=\"container\">\n\t\t\t\t<div class=\"elementor-element elementor-element-009644e elementor-invisible elementor-widget elementor-widget-heading\" data-id=\"009644e\" data-element_type=\"widget\" data-e-type=\"widget\" data-settings=\"{&quot;_animation&quot;:&quot;fadeInRight&quot;}\" data-widget_type=\"heading.default\">\n\t\t\t\t\t<h2 class=\"elementor-heading-title elementor-size-default\">Expertise en estilisme per a n\u00favies<\/h2>\t\t\t\t<\/div>\n\t\t\t\t<div class=\"elementor-element elementor-element-6f5fe86 elementor-invisible elementor-widget elementor-widget-text-editor\" data-id=\"6f5fe86\" data-element_type=\"widget\" data-e-type=\"widget\" data-settings=\"{&quot;_animation&quot;:&quot;fadeInRight&quot;,&quot;_animation_delay&quot;:200}\" data-widget_type=\"text-editor.default\">\n\t\t\t\t\t\t\t\t\t<p>Llarga traject\u00f2ria oferint el servei d\u2019estilisme de n\u00favies i convidades tan a domicili com al wedding venue escollit. Qui diu casaments, tamb\u00e9 graduacions, bateigs i altres tipus d\u2019esdeveniments.<\/p><p>Moments importants on l\u2019experi\u00e8ncia marca la difer\u00e8ncia.<\/p><p>L\u2019equip de T\u00e0nia Espai de Perruqueria segueix les darreres tend\u00e8ncies beauty del moment per tal de desmarcar-nos dels estereotips i convencionalismes.<\/p><p>Per a nosaltres, cada n\u00favia \u00e9s \u00fanica. El nostre objectiu? Resaltar al m\u00e0xim la seva bellesa natural.<\/p><p>Sol\u00b7liciteu enviament de tr\u00edptic per pdf, oferim servei b\u00e0sic o pr\u00e8mium (touch&amp;retouch).<\/p>\t\t\t\t\t\t\t\t<\/div>\n\t\t\t\t<div class=\"elementor-element elementor-element-c60cad5 elementor-invisible elementor-widget elementor-widget-button\" data-id=\"c60cad5\" data-element_type=\"widget\" data-e-type=\"widget\" data-settings=\"{&quot;_animation&quot;:&quot;fadeInRight&quot;,&quot;_animation_delay&quot;:400}\" data-widget_type=\"button.default\">\n\t\t\t\t\t\t\t\t\t\t<a class=\"elementor-button elementor-button-link elementor-size-sm\" href=\"https:\/\/taniaespaideperruqueria.com\/es\/contacte\/\">\n\t\t\t\t\t\t<span class=\"elementor-button-content-wrapper\">\n\t\t\t\t\t\t\t\t\t<span class=\"elementor-button-text\">Contactar<\/span>\n\t\t\t\t\t<\/span>\n\t\t\t\t\t<\/a>\n\t\t\t\t\t\t\t\t<\/div>\n\t\t\t\t<\/div>\n\t\t\t\t\t<\/div>\n\t\t\t\t<\/div>\n\t\t<div class=\"elementor-element elementor-element-cdbd2e2 e-flex e-con-boxed elementor-invisible e-con e-parent\" data-id=\"cdbd2e2\" data-element_type=\"container\" data-e-type=\"container\" data-settings=\"{&quot;animation&quot;:&quot;fadeInUp&quot;}\">\n\t\t\t\t\t<div class=\"e-con-inner\">\n\t\t<div class=\"elementor-element elementor-element-8f1851c e-con-full e-flex e-con e-child\" data-id=\"8f1851c\" data-element_type=\"container\" data-e-type=\"container\" data-settings=\"{&quot;background_background&quot;:&quot;classic&quot;}\">\n\t\t\t\t<\/div>\n\t\t\t\t\t<\/div>\n\t\t\t\t<\/div>\n\t\t<div class=\"elementor-element elementor-element-ca4e77f e-flex e-con-boxed e-con e-parent\" data-id=\"ca4e77f\" data-element_type=\"container\" data-e-type=\"container\">\n\t\t\t\t\t<div class=\"e-con-inner\">\n\t\t<div class=\"elementor-element elementor-element-93275e4 e-con-full e-flex e-con e-child\" data-id=\"93275e4\" data-element_type=\"container\" data-e-type=\"container\">\n\t\t\t\t<div class=\"elementor-element elementor-element-82156b9 elementor-invisible elementor-widget elementor-widget-heading\" data-id=\"82156b9\" data-element_type=\"widget\" data-e-type=\"widget\" data-settings=\"{&quot;_animation&quot;:&quot;fadeInLeft&quot;}\" data-widget_type=\"heading.default\">\n\t\t\t\t\t<h2 class=\"elementor-heading-title elementor-size-default\">Unim l\u00ednies<\/h2>\t\t\t\t<\/div>\n\t\t\t\t<div class=\"elementor-element elementor-element-1de3a81 elementor-invisible elementor-widget elementor-widget-text-editor\" data-id=\"1de3a81\" data-element_type=\"widget\" data-e-type=\"widget\" data-settings=\"{&quot;_animation&quot;:&quot;fadeInLeft&quot;,&quot;_animation_delay&quot;:200}\" data-widget_type=\"text-editor.default\">\n\t\t\t\t\t\t\t\t\t<p><strong>Quin \u00e9s l\u2019objectiu d\u2019Unim L\u00ednies?<\/strong><\/p><p>Una bona planificaci\u00f3, com tota gran idea tot comen\u00e7a amb un sutil esbo\u00e7. La meva feina \u00e9s fusionar tots els punts, per a que el vostre dia sigui una l\u00ednia perfecta.<\/p><p>Pretenc que el teu esdeveniment no hi faltin els somriures dels amics, l\u2019escalfor de la fam\u00edlia, les mirades emotives dels m\u00e9s propers, la can\u00e7\u00f3 perfecta, t\u2019imagines la m\u00e0gia com la teva BSO?<\/p><p>No pot faltar un brindis inoblidable, sensacions a flor de pell i mil records i an\u00e8cdotes per emmagatzemar a la mem\u00f2ria.<\/p><p>Ofereixo el servei de planificaci\u00f3 i coordinaci\u00f3 de qualsevol tipus d\u2019esdeveniment per\u00f2 m\u2019entusiasmen els casaments i els hi dono un toc d\u2019autenticitat, buscant sempre que cada detall expliqui la vostra hist\u00f2ria. Busco un fil conductor que doni coher\u00e8ncia a tot l\u2019enlla\u00e7, des de la primera idea fins a l\u2019\u00faltim instant del gran dia somiat.<\/p><p>La meva missi\u00f3 \u00e9s fer realitat la vostra visi\u00f3, convertint-me en la vostra c\u00f2mplice per crear un casament \u00fanic.<\/p><p><strong>Em deixeu formar part d\u2019aquesta aventura tan especial?<\/strong><\/p>\t\t\t\t\t\t\t\t<\/div>\n\t\t\t\t<div class=\"elementor-element elementor-element-2fd1716 elementor-invisible elementor-widget elementor-widget-button\" data-id=\"2fd1716\" data-element_type=\"widget\" data-e-type=\"widget\" data-settings=\"{&quot;_animation&quot;:&quot;fadeInLeft&quot;,&quot;_animation_delay&quot;:400}\" data-widget_type=\"button.default\">\n\t\t\t\t\t\t\t\t\t\t<a class=\"elementor-button elementor-button-link elementor-size-sm\" href=\"https:\/\/taniaespaideperruqueria.com\/es\/contacte\/\">\n\t\t\t\t\t\t<span class=\"elementor-button-content-wrapper\">\n\t\t\t\t\t\t\t\t\t<span class=\"elementor-button-text\">Contactar<\/span>\n\t\t\t\t\t<\/span>\n\t\t\t\t\t<\/a>\n\t\t\t\t\t\t\t\t<\/div>\n\t\t\t\t<\/div>\n\t\t<div class=\"elementor-element elementor-element-6c92f57 e-con-full e-flex elementor-invisible e-con e-child\" data-id=\"6c92f57\" data-element_type=\"container\" data-e-type=\"container\" data-settings=\"{&quot;animation&quot;:&quot;fadeInUp&quot;}\">\n\t\t\t\t<div class=\"elementor-element elementor-element-de5450f elementor-widget elementor-widget-image\" data-id=\"de5450f\" data-element_type=\"widget\" data-e-type=\"widget\" data-widget_type=\"image.default\">\n\t\t\t\t\t\t\t\t\t\t\t\t\t\t\t<img alt=\"\" decoding=\"async\" width=\"750\" height=\"1000\" src=\"https:\/\/taniaespaideperruqueria.com\/wp-content\/uploads\/2025\/08\/boda.jpg\" class=\"attachment-large size-large wp-image-482\" srcset=\"https:\/\/taniaespaideperruqueria.com\/wp-content\/uploads\/2025\/08\/boda.jpg 750w, https:\/\/taniaespaideperruqueria.com\/wp-content\/uploads\/2025\/08\/boda-225x300.jpg 225w, https:\/\/taniaespaideperruqueria.com\/wp-content\/uploads\/2025\/08\/boda-9x12.jpg 9w\" sizes=\"(max-width: 750px) 100vw, 750px\" \/>\t\t\t\t\t\t\t\t\t\t\t\t\t\t\t<\/div>\n\t\t\t\t<\/div>\n\t\t\t\t\t<\/div>\n\t\t\t\t<\/div>\n\t\t\t\t<\/div>","protected":false},"excerpt":{"rendered":"<p>Expertise en estilisme per a n\u00favies Llarga traject\u00f2ria oferint el servei d\u2019estilisme de n\u00favies i convidades tan a domicili com [&hellip;]<\/p>\n","protected":false},"author":2,"featured_media":0,"parent":0,"menu_order":0,"comment_status":"closed","ping_status":"closed","template":"","meta":{"_seopress_robots_primary_cat":"","_seopress_titles_title":"","_seopress_titles_desc":"","_seopress_robots_index":"","inline_featured_image":false,"site-sidebar-layout":"no-sidebar","site-content-layout":"","ast-site-content-layout":"full-width-container","site-content-style":"default","site-sidebar-style":"default","ast-global-header-display":"","ast-banner-title-visibility":"","ast-main-header-display":"","ast-hfb-above-header-display":"","ast-hfb-below-header-display":"","ast-hfb-mobile-header-display":"","site-post-title":"disabled","ast-breadcrumbs-content":"","ast-featured-img":"disabled","footer-sml-layout":"","ast-disable-related-posts":"","theme-transparent-header-meta":"","adv-header-id-meta":"","stick-header-meta":"","header-above-stick-meta":"","header-main-stick-meta":"","header-below-stick-meta":"","astra-migrate-meta-layouts":"default","ast-page-background-enabled":"default","ast-page-background-meta":{"desktop":{"background-color":"var(--ast-global-color-5)","background-image":"","background-repeat":"repeat","background-position":"center center","background-size":"auto","background-attachment":"scroll","background-type":"","background-media":"","overlay-type":"","overlay-color":"","overlay-opacity":"","overlay-gradient":""},"tablet":{"background-color":"","background-image":"","background-repeat":"repeat","background-position":"center center","background-size":"auto","background-attachment":"scroll","background-type":"","background-media":"","overlay-type":"","overlay-color":"","overlay-opacity":"","overlay-gradient":""},"mobile":{"background-color":"","background-image":"","background-repeat":"repeat","background-position":"center center","background-size":"auto","background-attachment":"scroll","background-type":"","background-media":"","overlay-type":"","overlay-color":"","overlay-opacity":"","overlay-gradient":""}},"ast-content-background-meta":{"desktop":{"background-color":"var(--ast-global-color-4)","background-image":"","background-repeat":"repeat","background-position":"center center","background-size":"auto","background-attachment":"scroll","background-type":"","background-media":"","overlay-type":"","overlay-color":"","overlay-opacity":"","overlay-gradient":""},"tablet":{"background-color":"var(--ast-global-color-4)","background-image":"","background-repeat":"repeat","background-position":"center center","background-size":"auto","background-attachment":"scroll","background-type":"","background-media":"","overlay-type":"","overlay-color":"","overlay-opacity":"","overlay-gradient":""},"mobile":{"background-color":"var(--ast-global-color-4)","background-image":"","background-repeat":"repeat","background-position":"center center","background-size":"auto","background-attachment":"scroll","background-type":"","background-media":"","overlay-type":"","overlay-color":"","overlay-opacity":"","overlay-gradient":""}},"footnotes":""},"class_list":["post-20","page","type-page","status-publish","hentry"],"_links":{"self":[{"href":"https:\/\/taniaespaideperruqueria.com\/es\/wp-json\/wp\/v2\/pages\/20","targetHints":{"allow":["GET"]}}],"collection":[{"href":"https:\/\/taniaespaideperruqueria.com\/es\/wp-json\/wp\/v2\/pages"}],"about":[{"href":"https:\/\/taniaespaideperruqueria.com\/es\/wp-json\/wp\/v2\/types\/page"}],"author":[{"embeddable":true,"href":"https:\/\/taniaespaideperruqueria.com\/es\/wp-json\/wp\/v2\/users\/2"}],"replies":[{"embeddable":true,"href":"https:\/\/taniaespaideperruqueria.com\/es\/wp-json\/wp\/v2\/comments?post=20"}],"version-history":[{"count":25,"href":"https:\/\/taniaespaideperruqueria.com\/es\/wp-json\/wp\/v2\/pages\/20\/revisions"}],"predecessor-version":[{"id":491,"href":"https:\/\/taniaespaideperruqueria.com\/es\/wp-json\/wp\/v2\/pages\/20\/revisions\/491"}],"wp:attachment":[{"href":"https:\/\/taniaespaideperruqueria.com\/es\/wp-json\/wp\/v2\/media?parent=20"}],"curies":[{"name":"wp","href":"https:\/\/api.w.org\/{rel}","templated":true}]}}