{"id":242,"date":"2025-07-13T09:49:04","date_gmt":"2025-07-13T09:49:04","guid":{"rendered":"https:\/\/taniaespaideperruqueria.com\/?page_id=242"},"modified":"2025-07-13T10:32:31","modified_gmt":"2025-07-13T10:32:31","slug":"tendencies","status":"publish","type":"page","link":"https:\/\/taniaespaideperruqueria.com\/es\/tendencies\/","title":{"rendered":"Tend\u00e8ncies"},"content":{"rendered":"<div data-elementor-type=\"wp-page\" data-elementor-id=\"242\" class=\"elementor elementor-242\" data-elementor-post-type=\"page\">\n\t\t\t\t<div class=\"elementor-element elementor-element-f9e1368 e-flex e-con-boxed e-con e-parent\" data-id=\"f9e1368\" data-element_type=\"container\" data-e-type=\"container\">\n\t\t\t\t\t<div class=\"e-con-inner\">\n\t\t<div class=\"elementor-element elementor-element-94d827e e-con-full e-flex e-con e-child\" data-id=\"94d827e\" data-element_type=\"container\" data-e-type=\"container\">\n\t\t\t\t<div class=\"elementor-element elementor-element-8fc1fd6 elementor-widget elementor-widget-heading\" data-id=\"8fc1fd6\" data-element_type=\"widget\" data-e-type=\"widget\" data-widget_type=\"heading.default\">\n\t\t\t\t\t<h1 class=\"elementor-heading-title elementor-size-default\">Tend\u00e8ncies<\/h1>\t\t\t\t<\/div>\n\t\t\t\t<div class=\"elementor-element elementor-element-9bd59bb elementor-widget elementor-widget-text-editor\" data-id=\"9bd59bb\" data-element_type=\"widget\" data-e-type=\"widget\" data-widget_type=\"text-editor.default\">\n\t\t\t\t\t\t\t\t\tLa meva passi\u00f3 pel m\u00f3n de la moda m&#8217;ha portat a viure-la intensament, seguint cada detall a trav\u00e9s de revistes com Bazaar, Elle i Vogue, aix\u00ed com de blogs especialitzats i, sobretot, observant el que es porta al carrer quan viatjo per formar-me. Per\u00f2 aqu\u00ed no us parlar\u00e9 de les tend\u00e8ncies de temporada, perqu\u00e8 s\u00f3n fugaces i canviants. En aquest espai, vull compartir amb vosaltres imatges de shootings especials on he tingut l&#8217;oportunitat de deixar la meva empremta, reflectint l\u2019ess\u00e8ncia del meu treball i de la meva visi\u00f3 creativa.\t\t\t\t\t\t\t\t<\/div>\n\t\t\t\t<\/div>\n\t\t\t\t\t<\/div>\n\t\t\t\t<\/div>\n\t\t<div class=\"elementor-element elementor-element-28af221 e-flex e-con-boxed e-con e-parent\" data-id=\"28af221\" data-element_type=\"container\" data-e-type=\"container\">\n\t\t\t\t\t<div class=\"e-con-inner\">\n\t\t\t\t<div class=\"elementor-element elementor-element-5719835 elementor-widget elementor-widget-gallery\" data-id=\"5719835\" data-element_type=\"widget\" data-e-type=\"widget\" data-settings=\"{&quot;gallery_layout&quot;:&quot;masonry&quot;,&quot;columns&quot;:3,&quot;lazyload&quot;:&quot;yes&quot;,&quot;columns_tablet&quot;:2,&quot;columns_mobile&quot;:1,&quot;gap&quot;:{&quot;unit&quot;:&quot;px&quot;,&quot;size&quot;:10,&quot;sizes&quot;:[]},&quot;gap_tablet&quot;:{&quot;unit&quot;:&quot;px&quot;,&quot;size&quot;:10,&quot;sizes&quot;:[]},&quot;gap_mobile&quot;:{&quot;unit&quot;:&quot;px&quot;,&quot;size&quot;:10,&quot;sizes&quot;:[]},&quot;link_to&quot;:&quot;file&quot;,&quot;overlay_background&quot;:&quot;yes&quot;,&quot;content_hover_animation&quot;:&quot;fade-in&quot;}\" data-widget_type=\"gallery.default\">\n\t\t\t\t\t\t\t<div class=\"elementor-gallery__container\">\n\t\t\t\t\t\t\t<a class=\"e-gallery-item elementor-gallery-item elementor-animated-content\" href=\"https:\/\/taniaespaideperruqueria.com\/wp-content\/uploads\/2025\/07\/tendencias-butterfly-hair-cut.jpg\" data-elementor-open-lightbox=\"yes\" data-elementor-lightbox-slideshow=\"5719835\" data-e-action-hash=\"#elementor-action%3Aaction%3Dlightbox%26settings%3DeyJpZCI6MjM1LCJ1cmwiOiJodHRwczpcL1wvdGFuaWFlc3BhaWRlcGVycnVxdWVyaWEuY29tXC93cC1jb250ZW50XC91cGxvYWRzXC8yMDI1XC8wN1wvdGVuZGVuY2lhcy1idXR0ZXJmbHktaGFpci1jdXQuanBnIiwic2xpZGVzaG93IjoiNTcxOTgzNSJ9\">\n\t\t\t\t\t<div class=\"e-gallery-image elementor-gallery-item__image\" data-thumbnail=\"https:\/\/taniaespaideperruqueria.com\/wp-content\/uploads\/2025\/07\/tendencias-butterfly-hair-cut.jpg\" data-width=\"1200\" data-height=\"799\" aria-label=\"\" role=\"img\" ><\/div>\n\t\t\t\t\t\t\t\t\t\t\t<div class=\"elementor-gallery-item__overlay\"><\/div>\n\t\t\t\t\t\t\t\t\t\t\t\t\t\t<\/a>\n\t\t\t\t\t\t\t<a class=\"e-gallery-item elementor-gallery-item elementor-animated-content\" href=\"https:\/\/taniaespaideperruqueria.com\/wp-content\/uploads\/2025\/07\/Tania-perruqueria_39-1.jpg\" data-elementor-open-lightbox=\"yes\" data-elementor-lightbox-slideshow=\"5719835\" data-e-action-hash=\"#elementor-action%3Aaction%3Dlightbox%26settings%3DeyJpZCI6MjE5LCJ1cmwiOiJodHRwczpcL1wvdGFuaWFlc3BhaWRlcGVycnVxdWVyaWEuY29tXC93cC1jb250ZW50XC91cGxvYWRzXC8yMDI1XC8wN1wvVGFuaWEtcGVycnVxdWVyaWFfMzktMS5qcGciLCJzbGlkZXNob3ciOiI1NzE5ODM1In0%3D\">\n\t\t\t\t\t<div class=\"e-gallery-image elementor-gallery-item__image\" data-thumbnail=\"https:\/\/taniaespaideperruqueria.com\/wp-content\/uploads\/2025\/07\/Tania-perruqueria_39-1.jpg\" data-width=\"1200\" data-height=\"960\" aria-label=\"\" role=\"img\" ><\/div>\n\t\t\t\t\t\t\t\t\t\t\t<div class=\"elementor-gallery-item__overlay\"><\/div>\n\t\t\t\t\t\t\t\t\t\t\t\t\t\t<\/a>\n\t\t\t\t\t\t\t<a class=\"e-gallery-item elementor-gallery-item elementor-animated-content\" href=\"https:\/\/taniaespaideperruqueria.com\/wp-content\/uploads\/2025\/07\/TaniaEspaiPerriqueria_Serveis.jpg\" data-elementor-open-lightbox=\"yes\" data-elementor-lightbox-slideshow=\"5719835\" data-e-action-hash=\"#elementor-action%3Aaction%3Dlightbox%26settings%3DeyJpZCI6MjE4LCJ1cmwiOiJodHRwczpcL1wvdGFuaWFlc3BhaWRlcGVycnVxdWVyaWEuY29tXC93cC1jb250ZW50XC91cGxvYWRzXC8yMDI1XC8wN1wvVGFuaWFFc3BhaVBlcnJpcXVlcmlhX1NlcnZlaXMuanBnIiwic2xpZGVzaG93IjoiNTcxOTgzNSJ9\">\n\t\t\t\t\t<div class=\"e-gallery-image elementor-gallery-item__image\" data-thumbnail=\"https:\/\/taniaespaideperruqueria.com\/wp-content\/uploads\/2025\/07\/TaniaEspaiPerriqueria_Serveis.jpg\" data-width=\"1000\" data-height=\"1000\" aria-label=\"\" role=\"img\" ><\/div>\n\t\t\t\t\t\t\t\t\t\t\t<div class=\"elementor-gallery-item__overlay\"><\/div>\n\t\t\t\t\t\t\t\t\t\t\t\t\t\t<\/a>\n\t\t\t\t\t\t\t<a class=\"e-gallery-item elementor-gallery-item elementor-animated-content\" href=\"https:\/\/taniaespaideperruqueria.com\/wp-content\/uploads\/2025\/07\/TaniaEspaiPerruqueria_ServeisHome_LookBook.png\" data-elementor-open-lightbox=\"yes\" data-elementor-lightbox-slideshow=\"5719835\" data-e-action-hash=\"#elementor-action%3Aaction%3Dlightbox%26settings%3DeyJpZCI6MTI0LCJ1cmwiOiJodHRwczpcL1wvdGFuaWFlc3BhaWRlcGVycnVxdWVyaWEuY29tXC93cC1jb250ZW50XC91cGxvYWRzXC8yMDI1XC8wN1wvVGFuaWFFc3BhaVBlcnJ1cXVlcmlhX1NlcnZlaXNIb21lX0xvb2tCb29rLnBuZyIsInNsaWRlc2hvdyI6IjU3MTk4MzUifQ%3D%3D\">\n\t\t\t\t\t<div class=\"e-gallery-image elementor-gallery-item__image\" data-thumbnail=\"https:\/\/taniaespaideperruqueria.com\/wp-content\/uploads\/2025\/07\/TaniaEspaiPerruqueria_ServeisHome_LookBook.png\" data-width=\"403\" data-height=\"509\" aria-label=\"\" role=\"img\" ><\/div>\n\t\t\t\t\t\t\t\t\t\t\t<div class=\"elementor-gallery-item__overlay\"><\/div>\n\t\t\t\t\t\t\t\t\t\t\t\t\t\t<\/a>\n\t\t\t\t\t\t\t<a class=\"e-gallery-item elementor-gallery-item elementor-animated-content\" href=\"https:\/\/taniaespaideperruqueria.com\/wp-content\/uploads\/2025\/07\/TaniaEspaiPerriqueria_Serveis.png\" data-elementor-open-lightbox=\"yes\" data-elementor-lightbox-slideshow=\"5719835\" data-e-action-hash=\"#elementor-action%3Aaction%3Dlightbox%26settings%3DeyJpZCI6NjEsInVybCI6Imh0dHBzOlwvXC90YW5pYWVzcGFpZGVwZXJydXF1ZXJpYS5jb21cL3dwLWNvbnRlbnRcL3VwbG9hZHNcLzIwMjVcLzA3XC9UYW5pYUVzcGFpUGVycmlxdWVyaWFfU2VydmVpcy5wbmciLCJzbGlkZXNob3ciOiI1NzE5ODM1In0%3D\">\n\t\t\t\t\t<div class=\"e-gallery-image elementor-gallery-item__image\" data-thumbnail=\"https:\/\/taniaespaideperruqueria.com\/wp-content\/uploads\/2025\/07\/TaniaEspaiPerriqueria_Serveis.png\" data-width=\"2036\" data-height=\"2508\" aria-label=\"\" role=\"img\" ><\/div>\n\t\t\t\t\t\t\t\t\t\t\t<div class=\"elementor-gallery-item__overlay\"><\/div>\n\t\t\t\t\t\t\t\t\t\t\t\t\t\t<\/a>\n\t\t\t\t\t\t\t<a class=\"e-gallery-item elementor-gallery-item elementor-animated-content\" href=\"https:\/\/taniaespaideperruqueria.com\/wp-content\/uploads\/2025\/07\/TaniaEspaiPerruqueria_ServeisHome_Perruqueria.png\" data-elementor-open-lightbox=\"yes\" data-elementor-lightbox-slideshow=\"5719835\" data-e-action-hash=\"#elementor-action%3Aaction%3Dlightbox%26settings%3DeyJpZCI6MTI2LCJ1cmwiOiJodHRwczpcL1wvdGFuaWFlc3BhaWRlcGVycnVxdWVyaWEuY29tXC93cC1jb250ZW50XC91cGxvYWRzXC8yMDI1XC8wN1wvVGFuaWFFc3BhaVBlcnJ1cXVlcmlhX1NlcnZlaXNIb21lX1BlcnJ1cXVlcmlhLnBuZyIsInNsaWRlc2hvdyI6IjU3MTk4MzUifQ%3D%3D\">\n\t\t\t\t\t<div class=\"e-gallery-image elementor-gallery-item__image\" data-thumbnail=\"https:\/\/taniaespaideperruqueria.com\/wp-content\/uploads\/2025\/07\/TaniaEspaiPerruqueria_ServeisHome_Perruqueria.png\" data-width=\"403\" data-height=\"509\" aria-label=\"\" role=\"img\" ><\/div>\n\t\t\t\t\t\t\t\t\t\t\t<div class=\"elementor-gallery-item__overlay\"><\/div>\n\t\t\t\t\t\t\t\t\t\t\t\t\t\t<\/a>\n\t\t\t\t\t<\/div>\n\t\t\t\t\t<\/div>\n\t\t\t\t\t<\/div>\n\t\t\t\t<\/div>\n\t\t\t\t<\/div>","protected":false},"excerpt":{"rendered":"<p>La meva passi\u00f3 pel m\u00f3n de la moda m&#8217;ha portat a viure-la intensament, seguint cada detall a trav\u00e9s de revistes [&hellip;]<\/p>\n","protected":false},"author":1,"featured_media":0,"parent":0,"menu_order":0,"comment_status":"closed","ping_status":"closed","template":"","meta":{"_seopress_robots_primary_cat":"","_seopress_titles_title":"","_seopress_titles_desc":"","_seopress_robots_index":"","inline_featured_image":false,"site-sidebar-layout":"no-sidebar","site-content-layout":"","ast-site-content-layout":"full-width-container","site-content-style":"default","site-sidebar-style":"default","ast-global-header-display":"","ast-banner-title-visibility":"","ast-main-header-display":"","ast-hfb-above-header-display":"","ast-hfb-below-header-display":"","ast-hfb-mobile-header-display":"","site-post-title":"disabled","ast-breadcrumbs-content":"","ast-featured-img":"disabled","footer-sml-layout":"","ast-disable-related-posts":"","theme-transparent-header-meta":"","adv-header-id-meta":"","stick-header-meta":"","header-above-stick-meta":"","header-main-stick-meta":"","header-below-stick-meta":"","astra-migrate-meta-layouts":"default","ast-page-background-enabled":"default","ast-page-background-meta":{"desktop":{"background-color":"var(--ast-global-color-5)","background-image":"","background-repeat":"repeat","background-position":"center center","background-size":"auto","background-attachment":"scroll","background-type":"","background-media":"","overlay-type":"","overlay-color":"","overlay-opacity":"","overlay-gradient":""},"tablet":{"background-color":"","background-image":"","background-repeat":"repeat","background-position":"center center","background-size":"auto","background-attachment":"scroll","background-type":"","background-media":"","overlay-type":"","overlay-color":"","overlay-opacity":"","overlay-gradient":""},"mobile":{"background-color":"","background-image":"","background-repeat":"repeat","background-position":"center center","background-size":"auto","background-attachment":"scroll","background-type":"","background-media":"","overlay-type":"","overlay-color":"","overlay-opacity":"","overlay-gradient":""}},"ast-content-background-meta":{"desktop":{"background-color":"var(--ast-global-color-4)","background-image":"","background-repeat":"repeat","background-position":"center center","background-size":"auto","background-attachment":"scroll","background-type":"","background-media":"","overlay-type":"","overlay-color":"","overlay-opacity":"","overlay-gradient":""},"tablet":{"background-color":"var(--ast-global-color-4)","background-image":"","background-repeat":"repeat","background-position":"center center","background-size":"auto","background-attachment":"scroll","background-type":"","background-media":"","overlay-type":"","overlay-color":"","overlay-opacity":"","overlay-gradient":""},"mobile":{"background-color":"var(--ast-global-color-4)","background-image":"","background-repeat":"repeat","background-position":"center center","background-size":"auto","background-attachment":"scroll","background-type":"","background-media":"","overlay-type":"","overlay-color":"","overlay-opacity":"","overlay-gradient":""}},"footnotes":""},"class_list":["post-242","page","type-page","status-publish","hentry"],"_links":{"self":[{"href":"https:\/\/taniaespaideperruqueria.com\/es\/wp-json\/wp\/v2\/pages\/242","targetHints":{"allow":["GET"]}}],"collection":[{"href":"https:\/\/taniaespaideperruqueria.com\/es\/wp-json\/wp\/v2\/pages"}],"about":[{"href":"https:\/\/taniaespaideperruqueria.com\/es\/wp-json\/wp\/v2\/types\/page"}],"author":[{"embeddable":true,"href":"https:\/\/taniaespaideperruqueria.com\/es\/wp-json\/wp\/v2\/users\/1"}],"replies":[{"embeddable":true,"href":"https:\/\/taniaespaideperruqueria.com\/es\/wp-json\/wp\/v2\/comments?post=242"}],"version-history":[{"count":7,"href":"https:\/\/taniaespaideperruqueria.com\/es\/wp-json\/wp\/v2\/pages\/242\/revisions"}],"predecessor-version":[{"id":293,"href":"https:\/\/taniaespaideperruqueria.com\/es\/wp-json\/wp\/v2\/pages\/242\/revisions\/293"}],"wp:attachment":[{"href":"https:\/\/taniaespaideperruqueria.com\/es\/wp-json\/wp\/v2\/media?parent=242"}],"curies":[{"name":"wp","href":"https:\/\/api.w.org\/{rel}","templated":true}]}}