{"id":342,"date":"2025-07-13T11:15:34","date_gmt":"2025-07-13T11:15:34","guid":{"rendered":"https:\/\/taniaespaideperruqueria.com\/?page_id=342"},"modified":"2025-07-13T14:52:26","modified_gmt":"2025-07-13T14:52:26","slug":"avis-legal","status":"publish","type":"page","link":"https:\/\/taniaespaideperruqueria.com\/es\/avis-legal\/","title":{"rendered":"Av\u00eds legal"},"content":{"rendered":"<p>En compliment del deure d\u2019informaci\u00f3 recollit a l\u2019article 10 de la Llei 34\/2002, d\u201911 de juliol, de serveis de la societat de la informaci\u00f3 i comer\u00e7 electr\u00f2nic (LSSI-CE), s\u2019informa a les persones usu\u00e0ries del lloc web <strong>taniaespaideperruqueria.com<\/strong>\u00a0de les seg\u00fcents dades:<\/p>\n<p><strong>1. Dades identificatives<\/strong><br \/>\nTitular del lloc web: Tania Pelegrina Pujol<br \/>\nNIF: 52307564K<br \/>\nDomicili professional: C\/ Sant Agust\u00ed, 8, 25280 Solsona (Lleida)<br \/>\nCorreu electr\u00f2nic de contacte: tpelepujol@gmail.com<br \/>\nTel\u00e8fon: +34 647 93 34 94<\/p>\n<p>Aquest lloc web ofereix informaci\u00f3 sobre els serveis de perruqueria i est\u00e8tica prestats per la titular, aix\u00ed com vies de contacte per a sol\u00b7licitar informaci\u00f3 o demanar cita pr\u00e8via.<\/p>\n<p><strong>2. Objecte del lloc web<\/strong><br \/>\nAquest lloc web t\u00e9 com a finalitat facilitar informaci\u00f3 sobre els serveis oferts al centre de perruqueria i est\u00e8tica, aix\u00ed com establir un canal de comunicaci\u00f3 amb els clients mitjan\u00e7ant formularis de contacte i\/o enlla\u00e7os a aplicacions de missatgeria com WhatsApp.<\/p>\n<p><strong>3. Condicions d\u2019acc\u00e9s i \u00fas<\/strong><br \/>\nL\u2019acc\u00e9s al lloc web \u00e9s gratu\u00eft i no exigeix registre previ.<\/p>\n<p>La persona usu\u00e0ria es compromet a fer un \u00fas correcte del lloc web, dels seus continguts i serveis, de conformitat amb la Llei, aquest av\u00eds legal, les bones costums i l\u2019ordre p\u00fablic. Queda expressament prohibit l\u2019\u00fas del lloc web amb fins lesius per a b\u00e9ns o interessos de la titular o de tercers.<\/p>\n<p><strong>4. Propietat intel\u00b7lectual i industrial<\/strong><br \/>\nTots els continguts del lloc web (textos, imatges, logotips, marques, etc.) s\u00f3n titularitat de Tania Pelegrina Pujol o b\u00e9 de tercers que n\u2019han autoritzat l\u2019\u00fas, i estan protegits per la normativa de propietat intel\u00b7lectual i industrial.<\/p>\n<p>La reproducci\u00f3, distribuci\u00f3, transformaci\u00f3 o comunicaci\u00f3 p\u00fablica, total o parcial, dels continguts del web, sense autoritzaci\u00f3 expressa i per escrit, queda prohibida.<\/p>\n<p><strong>5. Responsabilitat<\/strong><br \/>\nLa titular del lloc web no es fa responsable dels danys i perjudicis que puguin derivar-se de l\u2019\u00fas incorrecte del contingut o informaci\u00f3 facilitada.<\/p>\n<p>Tampoc es garanteix l\u2019acc\u00e9s continu ni la correcta visualitzaci\u00f3 o desc\u00e0rrega dels continguts si aquests es veuen impedits, dificultats o interromputs per factors fora del seu control.<\/p>\n<p><strong>6. Enlla\u00e7os externs<\/strong><br \/>\nAquest lloc web pot contenir enlla\u00e7os a p\u00e0gines de tercers (per exemple, WhatsApp o xarxes socials). Tania Pelegrina Pujol no es fa responsable dels continguts, pol\u00edtiques de privacitat o pr\u00e0ctiques d\u2019aquests llocs externs.<\/p>\n<p>La pres\u00e8ncia d\u2019aquests enlla\u00e7os t\u00e9 finalitat informativa i no implica cap relaci\u00f3 contractual amb els titulars dels llocs enlla\u00e7ats.<\/p>\n<p><strong>7. Modificacions<\/strong><br \/>\nLa titular es reserva el dret a modificar aquest av\u00eds legal en qualsevol moment, per adequar-lo a novetats normatives o t\u00e8cniques. Les modificacions entraran en vigor en el moment en qu\u00e8 es publiquin al lloc web.<\/p>\n<p><strong>8. Legislaci\u00f3 i jurisdicci\u00f3 aplicable<\/strong><br \/>\nAquest av\u00eds legal es regeix per la legislaci\u00f3 espanyola. Qualsevol conflicte que pugui derivar-se de l&#8217;acc\u00e9s o \u00fas del lloc web ser\u00e0 sotm\u00e8s als jutjats i tribunals de la ciutat de Solsona, llevat que la legislaci\u00f3 aplicable estableixi una altra cosa.<\/p>\n<p>\u00daltima actualitzaci\u00f3: juliol de 2025<\/p>\n<div id=\"gtx-trans\" style=\"position: absolute; left: -74px; top: 1204.25px;\">\n<div class=\"gtx-trans-icon\"><\/div>\n<\/div>","protected":false},"excerpt":{"rendered":"<p>En compliment del deure d\u2019informaci\u00f3 recollit a l\u2019article 10 de la Llei 34\/2002, d\u201911 de juliol, de serveis de la [&hellip;]<\/p>\n","protected":false},"author":1,"featured_media":0,"parent":0,"menu_order":0,"comment_status":"closed","ping_status":"closed","template":"","meta":{"_seopress_robots_primary_cat":"","_seopress_titles_title":"","_seopress_titles_desc":"","_seopress_robots_index":"yes","inline_featured_image":false,"site-sidebar-layout":"default","site-content-layout":"","ast-site-content-layout":"narrow-width-container","site-content-style":"default","site-sidebar-style":"default","ast-global-header-display":"","ast-banner-title-visibility":"","ast-main-header-display":"","ast-hfb-above-header-display":"","ast-hfb-below-header-display":"","ast-hfb-mobile-header-display":"","site-post-title":"","ast-breadcrumbs-content":"","ast-featured-img":"","footer-sml-layout":"","ast-disable-related-posts":"","theme-transparent-header-meta":"default","adv-header-id-meta":"","stick-header-meta":"","header-above-stick-meta":"","header-main-stick-meta":"","header-below-stick-meta":"","astra-migrate-meta-layouts":"set","ast-page-background-enabled":"default","ast-page-background-meta":{"desktop":{"background-color":"var(--ast-global-color-5)","background-image":"","background-repeat":"repeat","background-position":"center center","background-size":"auto","background-attachment":"scroll","background-type":"","background-media":"","overlay-type":"","overlay-color":"","overlay-opacity":"","overlay-gradient":""},"tablet":{"background-color":"","background-image":"","background-repeat":"repeat","background-position":"center center","background-size":"auto","background-attachment":"scroll","background-type":"","background-media":"","overlay-type":"","overlay-color":"","overlay-opacity":"","overlay-gradient":""},"mobile":{"background-color":"","background-image":"","background-repeat":"repeat","background-position":"center center","background-size":"auto","background-attachment":"scroll","background-type":"","background-media":"","overlay-type":"","overlay-color":"","overlay-opacity":"","overlay-gradient":""}},"ast-content-background-meta":{"desktop":{"background-color":"var(--ast-global-color-4)","background-image":"","background-repeat":"repeat","background-position":"center center","background-size":"auto","background-attachment":"scroll","background-type":"","background-media":"","overlay-type":"","overlay-color":"","overlay-opacity":"","overlay-gradient":""},"tablet":{"background-color":"var(--ast-global-color-4)","background-image":"","background-repeat":"repeat","background-position":"center center","background-size":"auto","background-attachment":"scroll","background-type":"","background-media":"","overlay-type":"","overlay-color":"","overlay-opacity":"","overlay-gradient":""},"mobile":{"background-color":"var(--ast-global-color-4)","background-image":"","background-repeat":"repeat","background-position":"center center","background-size":"auto","background-attachment":"scroll","background-type":"","background-media":"","overlay-type":"","overlay-color":"","overlay-opacity":"","overlay-gradient":""}},"footnotes":""},"class_list":["post-342","page","type-page","status-publish","hentry"],"_links":{"self":[{"href":"https:\/\/taniaespaideperruqueria.com\/es\/wp-json\/wp\/v2\/pages\/342","targetHints":{"allow":["GET"]}}],"collection":[{"href":"https:\/\/taniaespaideperruqueria.com\/es\/wp-json\/wp\/v2\/pages"}],"about":[{"href":"https:\/\/taniaespaideperruqueria.com\/es\/wp-json\/wp\/v2\/types\/page"}],"author":[{"embeddable":true,"href":"https:\/\/taniaespaideperruqueria.com\/es\/wp-json\/wp\/v2\/users\/1"}],"replies":[{"embeddable":true,"href":"https:\/\/taniaespaideperruqueria.com\/es\/wp-json\/wp\/v2\/comments?post=342"}],"version-history":[{"count":4,"href":"https:\/\/taniaespaideperruqueria.com\/es\/wp-json\/wp\/v2\/pages\/342\/revisions"}],"predecessor-version":[{"id":398,"href":"https:\/\/taniaespaideperruqueria.com\/es\/wp-json\/wp\/v2\/pages\/342\/revisions\/398"}],"wp:attachment":[{"href":"https:\/\/taniaespaideperruqueria.com\/es\/wp-json\/wp\/v2\/media?parent=342"}],"curies":[{"name":"wp","href":"https:\/\/api.w.org\/{rel}","templated":true}]}}